{"id":29184,"date":"2025-10-21T16:57:09","date_gmt":"2025-10-21T14:57:09","guid":{"rendered":"https:\/\/www.etheris.eu\/about-etheris-couture\/"},"modified":"2025-10-21T17:14:37","modified_gmt":"2025-10-21T15:14:37","slug":"marchio-etheris-couture","status":"publish","type":"page","link":"https:\/\/www.etheris.eu\/it\/marchio-etheris-couture\/","title":{"rendered":"Informazioni su Etheris Couture"},"content":{"rendered":"\t\t<div data-elementor-type=\"wp-page\" data-elementor-id=\"29184\" class=\"elementor elementor-29184 elementor-29173\">\n\t\t\t\t<div class=\"elementor-element elementor-element-b74de7d e-flex e-con-boxed e-con e-parent\" data-id=\"b74de7d\" data-element_type=\"container\">\n\t\t\t\t\t<div class=\"e-con-inner\">\n\t\t\t\t<div class=\"elementor-element elementor-element-cbc90cf elementor-widget elementor-widget-spacer\" data-id=\"cbc90cf\" data-element_type=\"widget\" data-widget_type=\"spacer.default\">\n\t\t\t\t<div class=\"elementor-widget-container\">\n\t\t\t\t\t\t\t<div class=\"elementor-spacer\">\n\t\t\t<div class=\"elementor-spacer-inner\"><\/div>\n\t\t<\/div>\n\t\t\t\t\t\t<\/div>\n\t\t\t\t<\/div>\n\t\t\t\t<div class=\"elementor-element elementor-element-7aa3c05 elementor-widget elementor-widget-heading\" data-id=\"7aa3c05\" data-element_type=\"widget\" data-widget_type=\"heading.default\">\n\t\t\t\t<div class=\"elementor-widget-container\">\n\t\t\t\t\t<h1 class=\"elementor-heading-title elementor-size-default\">Informazioni su Etheris Couture<\/h1>\t\t\t\t<\/div>\n\t\t\t\t<\/div>\n\t\t\t\t\t<\/div>\n\t\t\t\t<\/div>\n\t\t<div class=\"elementor-element elementor-element-c7e4481 e-flex e-con-boxed e-con e-parent\" data-id=\"c7e4481\" data-element_type=\"container\">\n\t\t\t\t\t<div class=\"e-con-inner\">\n\t\t\t\t<div class=\"elementor-element elementor-element-6bc5e09 elementor-widget elementor-widget-spacer\" data-id=\"6bc5e09\" data-element_type=\"widget\" data-widget_type=\"spacer.default\">\n\t\t\t\t<div class=\"elementor-widget-container\">\n\t\t\t\t\t\t\t<div class=\"elementor-spacer\">\n\t\t\t<div class=\"elementor-spacer-inner\"><\/div>\n\t\t<\/div>\n\t\t\t\t\t\t<\/div>\n\t\t\t\t<\/div>\n\t\t\t\t<div class=\"elementor-element elementor-element-cf119f8 elementor-widget elementor-widget-text-editor\" data-id=\"cf119f8\" data-element_type=\"widget\" data-widget_type=\"text-editor.default\">\n\t\t\t\t<div class=\"elementor-widget-container\">\n\t\t\t\t\t\t\t\t\t<p>Benvenuti in Etheris Couture, dove oltre vent\u2019anni di esperienza internazionale nel settore bridal incontrano il mondo contemporaneo. Nata da una profonda passione per il design d\u2019eccellenza e da un impegno costante per l\u2019accessibilit\u00e0, la nostra maison si fonda su un desiderio unico: rendere l\u2019acquisto di un abito da sposa o da cerimonia un\u2019esperienza semplice e raffinata, sia online attraverso la nostra piattaforma e-commerce, sia presso la nostra rete di boutique affiliate. <\/p><h3>Alta Moda e Accessibilit\u00e0 diretta<\/h3><p>In Etheris Couture non scendiamo mai a compromessi sulla qualit\u00e0. Ogni abito \u00e8 realizzato a mano con tessuti pregiati, finiture impeccabili e cuciture di livello sartoriale, in linea con gli standard dei pi\u00f9 importanti atelier. <\/p><p>Dietro questo sito c\u2019\u00e8 un team di professionisti che cura ogni fase del processo \u2014 dal design al cartamodello, dalla produzione alla logistica \u2014 con dedizione e precisione. Il nostro obiettivo \u00e8 garantire un\u2019esperienza d\u2019acquisto facile, sicura e curata nei minimi dettagli, proprio come in una boutique fisica. <br><br>Per questo possiamo produrre solo un numero limitato di capi, proporzionato alla nostra capacit\u00e0. <\/p><h3>Moda Sposa e Cerimonia Senza Confini<\/h3><p>Crediamo che la moda sposa non conosca confini. Questo approccio moderno ci permette di esprimere la nostra passione e la nostra arte in ogni parte del mondo, portando gioia alle spose che si lasciano conquistare dai nostri modelli. <\/p><p>Abbiamo ottimizzato costi e logistica per offrire lo stesso livello di eccellenza e artigianalit\u00e0 a un prezzo notevolmente pi\u00f9 vantaggioso, senza rinunciare alla qualit\u00e0 o al servizio personalizzato.<\/p><h3>Creazioni personalizzate e su Misura<\/h3><p>Il nostro obiettivo pi\u00f9 autentico \u00e8 condividere la nostra creativit\u00e0 con chi la sa apprezzare. Per questo offriamo anche abiti su misura e personalizzati, progettati per dare vita al tuo sogno con precisione sartoriale e attenzione ad ogni dettaglio. <\/p>\t\t\t\t\t\t\t\t<\/div>\n\t\t\t\t<\/div>\n\t\t\t\t<div class=\"elementor-element elementor-element-6b7ef3a elementor-widget elementor-widget-spacer\" data-id=\"6b7ef3a\" data-element_type=\"widget\" data-widget_type=\"spacer.default\">\n\t\t\t\t<div class=\"elementor-widget-container\">\n\t\t\t\t\t\t\t<div class=\"elementor-spacer\">\n\t\t\t<div class=\"elementor-spacer-inner\"><\/div>\n\t\t<\/div>\n\t\t\t\t\t\t<\/div>\n\t\t\t\t<\/div>\n\t\t\t\t\t<\/div>\n\t\t\t\t<\/div>\n\t\t\t\t<\/div>\n\t\t","protected":false},"excerpt":{"rendered":"<p>Informazioni su Etheris Couture Benvenuti in Etheris Couture, dove oltre vent\u2019anni di esperienza internazionale nel settore bridal incontrano il mondo contemporaneo. Nata da una profonda passione per il design d\u2019eccellenza e da un impegno costante per l\u2019accessibilit\u00e0, la nostra maison si fonda su un desiderio unico: rendere l\u2019acquisto di un abito da sposa o da [&hellip;]<\/p>\n","protected":false},"author":5,"featured_media":0,"parent":0,"menu_order":0,"comment_status":"closed","ping_status":"closed","template":"template-canvas.php","meta":{"_monsterinsights_skip_tracking":false,"_monsterinsights_sitenote_active":false,"_monsterinsights_sitenote_note":"","_monsterinsights_sitenote_category":0,"_uf_show_specific_survey":0,"_uf_disable_surveys":false,"footnotes":""},"class_list":["post-29184","page","type-page","status-publish","hentry"],"yoast_head":"<!-- This site is optimized with the Yoast SEO plugin v26.0 - https:\/\/yoast.com\/wordpress\/plugins\/seo\/ -->\n<title>Informazioni su Etheris Couture - Etheris the most Exclusive Wedding &amp; Party gowns<\/title>\n<meta name=\"robots\" content=\"index, follow, max-snippet:-1, max-image-preview:large, max-video-preview:-1\" \/>\n<link rel=\"canonical\" href=\"https:\/\/www.etheris.eu\/it\/marchio-etheris-couture\/\" \/>\n<meta property=\"og:locale\" content=\"it_IT\" \/>\n<meta property=\"og:type\" content=\"article\" \/>\n<meta property=\"og:title\" content=\"Informazioni su Etheris Couture - Etheris the most Exclusive Wedding &amp; Party gowns\" \/>\n<meta property=\"og:description\" content=\"Informazioni su Etheris Couture Benvenuti in Etheris Couture, dove oltre vent\u2019anni di esperienza internazionale nel settore bridal incontrano il mondo contemporaneo. Nata da una profonda passione per il design d\u2019eccellenza e da un impegno costante per l\u2019accessibilit\u00e0, la nostra maison si fonda su un desiderio unico: rendere l\u2019acquisto di un abito da sposa o da [&hellip;]\" \/>\n<meta property=\"og:url\" content=\"https:\/\/www.etheris.eu\/it\/marchio-etheris-couture\/\" \/>\n<meta property=\"og:site_name\" content=\"Etheris the most Exclusive Wedding &amp; Party gowns\" \/>\n<meta property=\"article:modified_time\" content=\"2025-10-21T15:14:37+00:00\" \/>\n<meta name=\"twitter:card\" content=\"summary_large_image\" \/>\n<meta name=\"twitter:label1\" content=\"Tempo di lettura stimato\" \/>\n\t<meta name=\"twitter:data1\" content=\"2 minuti\" \/>\n<script type=\"application\/ld+json\" class=\"yoast-schema-graph\">{\"@context\":\"https:\/\/schema.org\",\"@graph\":[{\"@type\":\"WebPage\",\"@id\":\"https:\/\/www.etheris.eu\/it\/marchio-etheris-couture\/\",\"url\":\"https:\/\/www.etheris.eu\/it\/marchio-etheris-couture\/\",\"name\":\"Informazioni su Etheris Couture - Etheris the most Exclusive Wedding &amp; Party gowns\",\"isPartOf\":{\"@id\":\"https:\/\/www.etheris.eu\/en\/#website\"},\"datePublished\":\"2025-10-21T14:57:09+00:00\",\"dateModified\":\"2025-10-21T15:14:37+00:00\",\"breadcrumb\":{\"@id\":\"https:\/\/www.etheris.eu\/it\/marchio-etheris-couture\/#breadcrumb\"},\"inLanguage\":\"it-IT\",\"potentialAction\":[{\"@type\":\"ReadAction\",\"target\":[\"https:\/\/www.etheris.eu\/it\/marchio-etheris-couture\/\"]}]},{\"@type\":\"BreadcrumbList\",\"@id\":\"https:\/\/www.etheris.eu\/it\/marchio-etheris-couture\/#breadcrumb\",\"itemListElement\":[{\"@type\":\"ListItem\",\"position\":1,\"name\":\"Home\",\"item\":\"https:\/\/www.etheris.eu\/it\/\"},{\"@type\":\"ListItem\",\"position\":2,\"name\":\"Informazioni su Etheris Couture\"}]},{\"@type\":\"WebSite\",\"@id\":\"https:\/\/www.etheris.eu\/en\/#website\",\"url\":\"https:\/\/www.etheris.eu\/en\/\",\"name\":\"Etheris Couture Revolution\",\"description\":\"\",\"publisher\":{\"@id\":\"https:\/\/www.etheris.eu\/en\/#organization\"},\"potentialAction\":[{\"@type\":\"SearchAction\",\"target\":{\"@type\":\"EntryPoint\",\"urlTemplate\":\"https:\/\/www.etheris.eu\/en\/?s={search_term_string}\"},\"query-input\":{\"@type\":\"PropertyValueSpecification\",\"valueRequired\":true,\"valueName\":\"search_term_string\"}}],\"inLanguage\":\"it-IT\"},{\"@type\":\"Organization\",\"@id\":\"https:\/\/www.etheris.eu\/en\/#organization\",\"name\":\"Etheris Couture\",\"url\":\"https:\/\/www.etheris.eu\/en\/\",\"logo\":{\"@type\":\"ImageObject\",\"inLanguage\":\"it-IT\",\"@id\":\"https:\/\/www.etheris.eu\/en\/#\/schema\/logo\/image\/\",\"url\":\"https:\/\/www.etheris.eu\/wp-content\/uploads\/2025\/09\/Logo_Etheris_Couture_Revolution_4.png\",\"contentUrl\":\"https:\/\/www.etheris.eu\/wp-content\/uploads\/2025\/09\/Logo_Etheris_Couture_Revolution_4.png\",\"width\":1200,\"height\":172,\"caption\":\"Etheris Couture\"},\"image\":{\"@id\":\"https:\/\/www.etheris.eu\/en\/#\/schema\/logo\/image\/\"}}]}<\/script>\n<!-- \/ Yoast SEO plugin. -->","yoast_head_json":{"title":"Informazioni su Etheris Couture - Etheris the most Exclusive Wedding &amp; Party gowns","robots":{"index":"index","follow":"follow","max-snippet":"max-snippet:-1","max-image-preview":"max-image-preview:large","max-video-preview":"max-video-preview:-1"},"canonical":"https:\/\/www.etheris.eu\/it\/marchio-etheris-couture\/","og_locale":"it_IT","og_type":"article","og_title":"Informazioni su Etheris Couture - Etheris the most Exclusive Wedding &amp; Party gowns","og_description":"Informazioni su Etheris Couture Benvenuti in Etheris Couture, dove oltre vent\u2019anni di esperienza internazionale nel settore bridal incontrano il mondo contemporaneo. Nata da una profonda passione per il design d\u2019eccellenza e da un impegno costante per l\u2019accessibilit\u00e0, la nostra maison si fonda su un desiderio unico: rendere l\u2019acquisto di un abito da sposa o da [&hellip;]","og_url":"https:\/\/www.etheris.eu\/it\/marchio-etheris-couture\/","og_site_name":"Etheris the most Exclusive Wedding &amp; Party gowns","article_modified_time":"2025-10-21T15:14:37+00:00","twitter_card":"summary_large_image","twitter_misc":{"Tempo di lettura stimato":"2 minuti"},"schema":{"@context":"https:\/\/schema.org","@graph":[{"@type":"WebPage","@id":"https:\/\/www.etheris.eu\/it\/marchio-etheris-couture\/","url":"https:\/\/www.etheris.eu\/it\/marchio-etheris-couture\/","name":"Informazioni su Etheris Couture - Etheris the most Exclusive Wedding &amp; Party gowns","isPartOf":{"@id":"https:\/\/www.etheris.eu\/en\/#website"},"datePublished":"2025-10-21T14:57:09+00:00","dateModified":"2025-10-21T15:14:37+00:00","breadcrumb":{"@id":"https:\/\/www.etheris.eu\/it\/marchio-etheris-couture\/#breadcrumb"},"inLanguage":"it-IT","potentialAction":[{"@type":"ReadAction","target":["https:\/\/www.etheris.eu\/it\/marchio-etheris-couture\/"]}]},{"@type":"BreadcrumbList","@id":"https:\/\/www.etheris.eu\/it\/marchio-etheris-couture\/#breadcrumb","itemListElement":[{"@type":"ListItem","position":1,"name":"Home","item":"https:\/\/www.etheris.eu\/it\/"},{"@type":"ListItem","position":2,"name":"Informazioni su Etheris Couture"}]},{"@type":"WebSite","@id":"https:\/\/www.etheris.eu\/en\/#website","url":"https:\/\/www.etheris.eu\/en\/","name":"Etheris Couture Revolution","description":"","publisher":{"@id":"https:\/\/www.etheris.eu\/en\/#organization"},"potentialAction":[{"@type":"SearchAction","target":{"@type":"EntryPoint","urlTemplate":"https:\/\/www.etheris.eu\/en\/?s={search_term_string}"},"query-input":{"@type":"PropertyValueSpecification","valueRequired":true,"valueName":"search_term_string"}}],"inLanguage":"it-IT"},{"@type":"Organization","@id":"https:\/\/www.etheris.eu\/en\/#organization","name":"Etheris Couture","url":"https:\/\/www.etheris.eu\/en\/","logo":{"@type":"ImageObject","inLanguage":"it-IT","@id":"https:\/\/www.etheris.eu\/en\/#\/schema\/logo\/image\/","url":"https:\/\/www.etheris.eu\/wp-content\/uploads\/2025\/09\/Logo_Etheris_Couture_Revolution_4.png","contentUrl":"https:\/\/www.etheris.eu\/wp-content\/uploads\/2025\/09\/Logo_Etheris_Couture_Revolution_4.png","width":1200,"height":172,"caption":"Etheris Couture"},"image":{"@id":"https:\/\/www.etheris.eu\/en\/#\/schema\/logo\/image\/"}}]}},"jetpack_sharing_enabled":true,"_links":{"self":[{"href":"https:\/\/www.etheris.eu\/it\/wp-json\/wp\/v2\/pages\/29184","targetHints":{"allow":["GET"]}}],"collection":[{"href":"https:\/\/www.etheris.eu\/it\/wp-json\/wp\/v2\/pages"}],"about":[{"href":"https:\/\/www.etheris.eu\/it\/wp-json\/wp\/v2\/types\/page"}],"author":[{"embeddable":true,"href":"https:\/\/www.etheris.eu\/it\/wp-json\/wp\/v2\/users\/5"}],"replies":[{"embeddable":true,"href":"https:\/\/www.etheris.eu\/it\/wp-json\/wp\/v2\/comments?post=29184"}],"version-history":[{"count":4,"href":"https:\/\/www.etheris.eu\/it\/wp-json\/wp\/v2\/pages\/29184\/revisions"}],"predecessor-version":[{"id":29188,"href":"https:\/\/www.etheris.eu\/it\/wp-json\/wp\/v2\/pages\/29184\/revisions\/29188"}],"wp:attachment":[{"href":"https:\/\/www.etheris.eu\/it\/wp-json\/wp\/v2\/media?parent=29184"}],"curies":[{"name":"wp","href":"https:\/\/api.w.org\/{rel}","templated":true}]}}