{"id":29242,"date":"2025-10-21T20:50:46","date_gmt":"2025-10-21T18:50:46","guid":{"rendered":"https:\/\/www.etheris.eu\/shipping-and-delivery-time\/"},"modified":"2025-10-21T21:16:09","modified_gmt":"2025-10-21T19:16:09","slug":"spedizioni-e-conegna","status":"publish","type":"page","link":"https:\/\/www.etheris.eu\/it\/spedizioni-e-conegna\/","title":{"rendered":"Modalit\u00e0 di Spedizione"},"content":{"rendered":"\t\t<div data-elementor-type=\"wp-page\" data-elementor-id=\"29242\" class=\"elementor elementor-29242 elementor-29216\">\n\t\t\t\t<div class=\"elementor-element elementor-element-6959a7a e-flex e-con-boxed e-con e-parent\" data-id=\"6959a7a\" data-element_type=\"container\">\n\t\t\t\t\t<div class=\"e-con-inner\">\n\t\t\t\t<div class=\"elementor-element elementor-element-85bcb02 elementor-widget elementor-widget-spacer\" data-id=\"85bcb02\" data-element_type=\"widget\" data-widget_type=\"spacer.default\">\n\t\t\t\t<div class=\"elementor-widget-container\">\n\t\t\t\t\t\t\t<div class=\"elementor-spacer\">\n\t\t\t<div class=\"elementor-spacer-inner\"><\/div>\n\t\t<\/div>\n\t\t\t\t\t\t<\/div>\n\t\t\t\t<\/div>\n\t\t<div class=\"elementor-element elementor-element-a251961 e-con-full e-flex e-con e-child\" data-id=\"a251961\" data-element_type=\"container\">\n\t\t\t\t<div class=\"elementor-element elementor-element-b9e97ab elementor-widget__width-auto elementor-view-default elementor-widget elementor-widget-icon\" data-id=\"b9e97ab\" data-element_type=\"widget\" data-widget_type=\"icon.default\">\n\t\t\t\t<div class=\"elementor-widget-container\">\n\t\t\t\t\t\t\t<div class=\"elementor-icon-wrapper\">\n\t\t\t<div class=\"elementor-icon\">\n\t\t\t<svg aria-hidden=\"true\" class=\"e-font-icon-svg e-fas-shipping-fast\" viewBox=\"0 0 640 512\" xmlns=\"http:\/\/www.w3.org\/2000\/svg\"><path d=\"M624 352h-16V243.9c0-12.7-5.1-24.9-14.1-33.9L494 110.1c-9-9-21.2-14.1-33.9-14.1H416V48c0-26.5-21.5-48-48-48H112C85.5 0 64 21.5 64 48v48H8c-4.4 0-8 3.6-8 8v16c0 4.4 3.6 8 8 8h272c4.4 0 8 3.6 8 8v16c0 4.4-3.6 8-8 8H40c-4.4 0-8 3.6-8 8v16c0 4.4 3.6 8 8 8h208c4.4 0 8 3.6 8 8v16c0 4.4-3.6 8-8 8H8c-4.4 0-8 3.6-8 8v16c0 4.4 3.6 8 8 8h208c4.4 0 8 3.6 8 8v16c0 4.4-3.6 8-8 8H64v128c0 53 43 96 96 96s96-43 96-96h128c0 53 43 96 96 96s96-43 96-96h48c8.8 0 16-7.2 16-16v-32c0-8.8-7.2-16-16-16zM160 464c-26.5 0-48-21.5-48-48s21.5-48 48-48 48 21.5 48 48-21.5 48-48 48zm320 0c-26.5 0-48-21.5-48-48s21.5-48 48-48 48 21.5 48 48-21.5 48-48 48zm80-208H416V144h44.1l99.9 99.9V256z\"><\/path><\/svg>\t\t\t<\/div>\n\t\t<\/div>\n\t\t\t\t\t\t<\/div>\n\t\t\t\t<\/div>\n\t\t\t\t<div class=\"elementor-element elementor-element-d42a3cb elementor-widget__width-auto elementor-widget elementor-widget-heading\" data-id=\"d42a3cb\" data-element_type=\"widget\" data-widget_type=\"heading.default\">\n\t\t\t\t<div class=\"elementor-widget-container\">\n\t\t\t\t\t<h2 class=\"elementor-heading-title elementor-size-default\">Modalit\u00e0 di Spedizione e Consegna<\/h2>\t\t\t\t<\/div>\n\t\t\t\t<\/div>\n\t\t\t\t<\/div>\n\t\t<div class=\"elementor-element elementor-element-6941baa e-con-full e-flex e-con e-child\" data-id=\"6941baa\" data-element_type=\"container\">\n\t\t\t\t<div class=\"elementor-element elementor-element-2304032 elementor-widget elementor-widget-text-editor\" data-id=\"2304032\" data-element_type=\"widget\" data-widget_type=\"text-editor.default\">\n\t\t\t\t<div class=\"elementor-widget-container\">\n\t\t\t\t\t\t\t\t\t<p data-start=\"116\" data-end=\"262\">Etheris Couture offre due modalit\u00e0 di spedizione per garantire un servizio flessibile e puntuale, in linea con le esigenze delle nostre clienti.<\/p><h4 data-start=\"264\" data-end=\"294\"><strong data-start=\"269\" data-end=\"292\">Spedizione Standard<\/strong><\/h4><p data-start=\"295\" data-end=\"665\">La spedizione standard prevede un costo fisso di <strong data-start=\"344\" data-end=\"354\">8,00 \u20ac<\/strong> ed \u00e8 <strong data-start=\"360\" data-end=\"414\">gratuita per tutti gli ordini superiori a 300,00 \u20ac<\/strong>, calcolati sul totale della merce acquistata al netto di eventuali sconti o promozioni.<br data-start=\"502\" data-end=\"505\" \/>Gli ordini con spedizione standard vengono <strong data-start=\"548\" data-end=\"585\">evasi entro 3-5 giorni lavorativi<\/strong>, salvo diversa indicazione per i prodotti non disponibili in pronta consegna.<\/p><h4 data-start=\"667\" data-end=\"696\"><strong data-start=\"672\" data-end=\"694\">Spedizione Urgente<\/strong><\/h4><p data-start=\"697\" data-end=\"951\">La spedizione urgente ha un costo di <strong data-start=\"734\" data-end=\"745\">15,00 \u20ac<\/strong> e garantisce una preparazione e consegna pi\u00f9 rapida, <strong data-start=\"799\" data-end=\"848\">evadendo l\u2019ordine entro 1-2 giorni lavorativi<\/strong>.<br data-start=\"849\" data-end=\"852\" \/>Questa modalit\u00e0 <strong data-start=\"868\" data-end=\"906\">non prevede la spedizione gratuita<\/strong>, indipendentemente dal valore dell\u2019ordine.<\/p><h4 data-start=\"953\" data-end=\"979\"><strong data-start=\"958\" data-end=\"977\">Note Importanti<\/strong><\/h4><ul data-start=\"980\" data-end=\"1478\"><li data-start=\"980\" data-end=\"1085\"><p data-start=\"982\" data-end=\"1085\">Tutte le spedizioni avvengono tramite <strong data-start=\"1020\" data-end=\"1082\">corriere espresso con tracciamento dello stato dell\u2019ordine<\/strong>.<\/p><\/li><li data-start=\"1086\" data-end=\"1218\"><p data-start=\"1088\" data-end=\"1218\">I tempi di consegna possono variare da zona a zona, ma normalmente la consegna avviene entro <strong data-start=\"1181\" data-end=\"1194\">24-48 ore<\/strong> dal ritiro del pacco.<\/p><\/li><li data-start=\"1219\" data-end=\"1361\"><p data-start=\"1221\" data-end=\"1361\">Per i <strong data-start=\"1227\" data-end=\"1274\">prodotti non disponibili in pronta consegna<\/strong>, sar\u00e0 necessario attendere i <strong data-start=\"1304\" data-end=\"1358\">tempi di produzione indicati nella scheda prodotto<\/strong>.<\/p><\/li><li data-start=\"1362\" data-end=\"1478\"><p data-start=\"1364\" data-end=\"1478\">Eventuali <strong data-start=\"1374\" data-end=\"1397\">sconti o promozioni<\/strong> si applicano <strong data-start=\"1411\" data-end=\"1441\">esclusivamente ai prodotti<\/strong>, e <strong data-start=\"1445\" data-end=\"1475\">non ai costi di spedizione<\/strong>.<\/p><\/li><\/ul><p data-start=\"1480\" data-end=\"1657\"><em>Etheris Couture si impegna a garantire spedizioni sicure e tracciabili, affinch\u00e9 ogni ordine arrivi con la stessa cura e attenzione con cui viene realizzato ogni nostro abito.<\/em><\/p>\t\t\t\t\t\t\t\t<\/div>\n\t\t\t\t<\/div>\n\t\t\t\t<\/div>\n\t\t\t\t<div class=\"elementor-element elementor-element-a22a388 elementor-widget elementor-widget-button\" data-id=\"a22a388\" data-element_type=\"widget\" data-widget_type=\"button.default\">\n\t\t\t\t<div class=\"elementor-widget-container\">\n\t\t\t\t\t\t\t\t\t<div class=\"elementor-button-wrapper\">\n\t\t\t\t\t<a class=\"elementor-button elementor-button-link elementor-size-sm\" href=\"\/it\/stato-ordine\">\n\t\t\t\t\t\t<span class=\"elementor-button-content-wrapper\">\n\t\t\t\t\t\t\t\t\t<span class=\"elementor-button-text\">Stato Ordine<\/span>\n\t\t\t\t\t<\/span>\n\t\t\t\t\t<\/a>\n\t\t\t\t<\/div>\n\t\t\t\t\t\t\t\t<\/div>\n\t\t\t\t<\/div>\n\t\t\t\t<div class=\"elementor-element elementor-element-5e9e800 elementor-widget elementor-widget-spacer\" data-id=\"5e9e800\" data-element_type=\"widget\" data-widget_type=\"spacer.default\">\n\t\t\t\t<div class=\"elementor-widget-container\">\n\t\t\t\t\t\t\t<div class=\"elementor-spacer\">\n\t\t\t<div class=\"elementor-spacer-inner\"><\/div>\n\t\t<\/div>\n\t\t\t\t\t\t<\/div>\n\t\t\t\t<\/div>\n\t\t\t\t\t<\/div>\n\t\t\t\t<\/div>\n\t\t\t\t<\/div>\n\t\t","protected":false},"excerpt":{"rendered":"<p>Modalit\u00e0 di Spedizione e Consegna Etheris Couture offre due modalit\u00e0 di spedizione per garantire un servizio flessibile e puntuale, in linea con le esigenze delle nostre clienti. Spedizione Standard La spedizione standard prevede un costo fisso di 8,00 \u20ac ed \u00e8 gratuita per tutti gli ordini superiori a 300,00 \u20ac, calcolati sul totale della merce [&hellip;]<\/p>\n","protected":false},"author":5,"featured_media":0,"parent":0,"menu_order":0,"comment_status":"closed","ping_status":"closed","template":"template-canvas.php","meta":{"_monsterinsights_skip_tracking":false,"_monsterinsights_sitenote_active":false,"_monsterinsights_sitenote_note":"","_monsterinsights_sitenote_category":0,"_uf_show_specific_survey":0,"_uf_disable_surveys":false,"footnotes":""},"class_list":["post-29242","page","type-page","status-publish","hentry"],"yoast_head":"<!-- This site is optimized with the Yoast SEO plugin v26.0 - https:\/\/yoast.com\/wordpress\/plugins\/seo\/ -->\n<title>Modalit\u00e0 di Spedizione - Etheris the most Exclusive Wedding &amp; Party gowns<\/title>\n<meta name=\"robots\" content=\"index, follow, max-snippet:-1, max-image-preview:large, max-video-preview:-1\" \/>\n<link rel=\"canonical\" href=\"https:\/\/www.etheris.eu\/it\/spedizioni-e-conegna\/\" \/>\n<meta property=\"og:locale\" content=\"it_IT\" \/>\n<meta property=\"og:type\" content=\"article\" \/>\n<meta property=\"og:title\" content=\"Modalit\u00e0 di Spedizione - Etheris the most Exclusive Wedding &amp; Party gowns\" \/>\n<meta property=\"og:description\" content=\"Modalit\u00e0 di Spedizione e Consegna Etheris Couture offre due modalit\u00e0 di spedizione per garantire un servizio flessibile e puntuale, in linea con le esigenze delle nostre clienti. Spedizione Standard La spedizione standard prevede un costo fisso di 8,00 \u20ac ed \u00e8 gratuita per tutti gli ordini superiori a 300,00 \u20ac, calcolati sul totale della merce [&hellip;]\" \/>\n<meta property=\"og:url\" content=\"https:\/\/www.etheris.eu\/it\/spedizioni-e-conegna\/\" \/>\n<meta property=\"og:site_name\" content=\"Etheris the most Exclusive Wedding &amp; Party gowns\" \/>\n<meta property=\"article:modified_time\" content=\"2025-10-21T19:16:09+00:00\" \/>\n<meta name=\"twitter:card\" content=\"summary_large_image\" \/>\n<meta name=\"twitter:label1\" content=\"Tempo di lettura stimato\" \/>\n\t<meta name=\"twitter:data1\" content=\"2 minuti\" \/>\n<script type=\"application\/ld+json\" class=\"yoast-schema-graph\">{\"@context\":\"https:\/\/schema.org\",\"@graph\":[{\"@type\":\"WebPage\",\"@id\":\"https:\/\/www.etheris.eu\/it\/spedizioni-e-conegna\/\",\"url\":\"https:\/\/www.etheris.eu\/it\/spedizioni-e-conegna\/\",\"name\":\"Modalit\u00e0 di Spedizione - Etheris the most Exclusive Wedding &amp; Party gowns\",\"isPartOf\":{\"@id\":\"https:\/\/www.etheris.eu\/en\/#website\"},\"datePublished\":\"2025-10-21T18:50:46+00:00\",\"dateModified\":\"2025-10-21T19:16:09+00:00\",\"breadcrumb\":{\"@id\":\"https:\/\/www.etheris.eu\/it\/spedizioni-e-conegna\/#breadcrumb\"},\"inLanguage\":\"it-IT\",\"potentialAction\":[{\"@type\":\"ReadAction\",\"target\":[\"https:\/\/www.etheris.eu\/it\/spedizioni-e-conegna\/\"]}]},{\"@type\":\"BreadcrumbList\",\"@id\":\"https:\/\/www.etheris.eu\/it\/spedizioni-e-conegna\/#breadcrumb\",\"itemListElement\":[{\"@type\":\"ListItem\",\"position\":1,\"name\":\"Home\",\"item\":\"https:\/\/www.etheris.eu\/it\/\"},{\"@type\":\"ListItem\",\"position\":2,\"name\":\"Modalit\u00e0 di Spedizione\"}]},{\"@type\":\"WebSite\",\"@id\":\"https:\/\/www.etheris.eu\/en\/#website\",\"url\":\"https:\/\/www.etheris.eu\/en\/\",\"name\":\"Etheris Couture Revolution\",\"description\":\"\",\"publisher\":{\"@id\":\"https:\/\/www.etheris.eu\/en\/#organization\"},\"potentialAction\":[{\"@type\":\"SearchAction\",\"target\":{\"@type\":\"EntryPoint\",\"urlTemplate\":\"https:\/\/www.etheris.eu\/en\/?s={search_term_string}\"},\"query-input\":{\"@type\":\"PropertyValueSpecification\",\"valueRequired\":true,\"valueName\":\"search_term_string\"}}],\"inLanguage\":\"it-IT\"},{\"@type\":\"Organization\",\"@id\":\"https:\/\/www.etheris.eu\/en\/#organization\",\"name\":\"Etheris Couture\",\"url\":\"https:\/\/www.etheris.eu\/en\/\",\"logo\":{\"@type\":\"ImageObject\",\"inLanguage\":\"it-IT\",\"@id\":\"https:\/\/www.etheris.eu\/en\/#\/schema\/logo\/image\/\",\"url\":\"https:\/\/www.etheris.eu\/wp-content\/uploads\/2025\/09\/Logo_Etheris_Couture_Revolution_4.png\",\"contentUrl\":\"https:\/\/www.etheris.eu\/wp-content\/uploads\/2025\/09\/Logo_Etheris_Couture_Revolution_4.png\",\"width\":1200,\"height\":172,\"caption\":\"Etheris Couture\"},\"image\":{\"@id\":\"https:\/\/www.etheris.eu\/en\/#\/schema\/logo\/image\/\"}}]}<\/script>\n<!-- \/ Yoast SEO plugin. -->","yoast_head_json":{"title":"Modalit\u00e0 di Spedizione - Etheris the most Exclusive Wedding &amp; Party gowns","robots":{"index":"index","follow":"follow","max-snippet":"max-snippet:-1","max-image-preview":"max-image-preview:large","max-video-preview":"max-video-preview:-1"},"canonical":"https:\/\/www.etheris.eu\/it\/spedizioni-e-conegna\/","og_locale":"it_IT","og_type":"article","og_title":"Modalit\u00e0 di Spedizione - Etheris the most Exclusive Wedding &amp; Party gowns","og_description":"Modalit\u00e0 di Spedizione e Consegna Etheris Couture offre due modalit\u00e0 di spedizione per garantire un servizio flessibile e puntuale, in linea con le esigenze delle nostre clienti. Spedizione Standard La spedizione standard prevede un costo fisso di 8,00 \u20ac ed \u00e8 gratuita per tutti gli ordini superiori a 300,00 \u20ac, calcolati sul totale della merce [&hellip;]","og_url":"https:\/\/www.etheris.eu\/it\/spedizioni-e-conegna\/","og_site_name":"Etheris the most Exclusive Wedding &amp; Party gowns","article_modified_time":"2025-10-21T19:16:09+00:00","twitter_card":"summary_large_image","twitter_misc":{"Tempo di lettura stimato":"2 minuti"},"schema":{"@context":"https:\/\/schema.org","@graph":[{"@type":"WebPage","@id":"https:\/\/www.etheris.eu\/it\/spedizioni-e-conegna\/","url":"https:\/\/www.etheris.eu\/it\/spedizioni-e-conegna\/","name":"Modalit\u00e0 di Spedizione - Etheris the most Exclusive Wedding &amp; Party gowns","isPartOf":{"@id":"https:\/\/www.etheris.eu\/en\/#website"},"datePublished":"2025-10-21T18:50:46+00:00","dateModified":"2025-10-21T19:16:09+00:00","breadcrumb":{"@id":"https:\/\/www.etheris.eu\/it\/spedizioni-e-conegna\/#breadcrumb"},"inLanguage":"it-IT","potentialAction":[{"@type":"ReadAction","target":["https:\/\/www.etheris.eu\/it\/spedizioni-e-conegna\/"]}]},{"@type":"BreadcrumbList","@id":"https:\/\/www.etheris.eu\/it\/spedizioni-e-conegna\/#breadcrumb","itemListElement":[{"@type":"ListItem","position":1,"name":"Home","item":"https:\/\/www.etheris.eu\/it\/"},{"@type":"ListItem","position":2,"name":"Modalit\u00e0 di Spedizione"}]},{"@type":"WebSite","@id":"https:\/\/www.etheris.eu\/en\/#website","url":"https:\/\/www.etheris.eu\/en\/","name":"Etheris Couture Revolution","description":"","publisher":{"@id":"https:\/\/www.etheris.eu\/en\/#organization"},"potentialAction":[{"@type":"SearchAction","target":{"@type":"EntryPoint","urlTemplate":"https:\/\/www.etheris.eu\/en\/?s={search_term_string}"},"query-input":{"@type":"PropertyValueSpecification","valueRequired":true,"valueName":"search_term_string"}}],"inLanguage":"it-IT"},{"@type":"Organization","@id":"https:\/\/www.etheris.eu\/en\/#organization","name":"Etheris Couture","url":"https:\/\/www.etheris.eu\/en\/","logo":{"@type":"ImageObject","inLanguage":"it-IT","@id":"https:\/\/www.etheris.eu\/en\/#\/schema\/logo\/image\/","url":"https:\/\/www.etheris.eu\/wp-content\/uploads\/2025\/09\/Logo_Etheris_Couture_Revolution_4.png","contentUrl":"https:\/\/www.etheris.eu\/wp-content\/uploads\/2025\/09\/Logo_Etheris_Couture_Revolution_4.png","width":1200,"height":172,"caption":"Etheris Couture"},"image":{"@id":"https:\/\/www.etheris.eu\/en\/#\/schema\/logo\/image\/"}}]}},"jetpack_sharing_enabled":true,"_links":{"self":[{"href":"https:\/\/www.etheris.eu\/it\/wp-json\/wp\/v2\/pages\/29242","targetHints":{"allow":["GET"]}}],"collection":[{"href":"https:\/\/www.etheris.eu\/it\/wp-json\/wp\/v2\/pages"}],"about":[{"href":"https:\/\/www.etheris.eu\/it\/wp-json\/wp\/v2\/types\/page"}],"author":[{"embeddable":true,"href":"https:\/\/www.etheris.eu\/it\/wp-json\/wp\/v2\/users\/5"}],"replies":[{"embeddable":true,"href":"https:\/\/www.etheris.eu\/it\/wp-json\/wp\/v2\/comments?post=29242"}],"version-history":[{"count":6,"href":"https:\/\/www.etheris.eu\/it\/wp-json\/wp\/v2\/pages\/29242\/revisions"}],"predecessor-version":[{"id":29248,"href":"https:\/\/www.etheris.eu\/it\/wp-json\/wp\/v2\/pages\/29242\/revisions\/29248"}],"wp:attachment":[{"href":"https:\/\/www.etheris.eu\/it\/wp-json\/wp\/v2\/media?parent=29242"}],"curies":[{"name":"wp","href":"https:\/\/api.w.org\/{rel}","templated":true}]}}